{"id":3790,"date":"2024-03-27T13:33:42","date_gmt":"2024-03-27T12:33:42","guid":{"rendered":"https:\/\/wp26.gutleben.systems\/?page_id=3790"},"modified":"2024-03-29T09:18:09","modified_gmt":"2024-03-29T08:18:09","slug":"impressum","status":"publish","type":"page","link":"https:\/\/www.cint.at\/de\/impressum\/","title":{"rendered":"Impressum"},"content":{"rendered":"\t\t<div data-elementor-type=\"wp-page\" data-elementor-id=\"3790\" class=\"elementor elementor-3790\" data-elementor-post-type=\"page\">\n\t\t\t\t<div class=\"elementor-element elementor-element-6f09ce0 e-con-full e-flex e-con e-parent\" data-id=\"6f09ce0\" data-element_type=\"container\" data-e-type=\"container\">\n\t\t\t\t<div class=\"elementor-element elementor-element-9181b66 elementor-widget elementor-widget-text-editor\" data-id=\"9181b66\" data-element_type=\"widget\" data-e-type=\"widget\" data-widget_type=\"text-editor.default\">\n\t\t\t\t<div class=\"elementor-widget-container\">\n\t\t\t\t\t\t\t\t\t<h3>Impressum<\/h3><p>\u00a0<\/p><p>ALLGEMEINE INFORMATIONSPFLICHTEN GEM \u00a7 5 E-COMMERCE-GESETZ (ECG)<br \/><br \/><\/p><p>VEREIN CLUB INTERNATIONAL \u2013 Servicestelle f\u00fcr internationale Fach- und Schl\u00fcsselarbeitskr\u00e4fte<\/p><p>\u00a0<\/p><p>K\u00f6rblergasse 117<\/p><p>A-8010 Graz<\/p><p>Tel.: +43 (0) 316 601 759<\/p><p>E-Mail: info@cint.at<\/p><p>\u00a0<\/p><p>UID: ATU 67136011<\/p><p>ZVR-Nummer: 643701518<\/p><p>\u00a0<\/p><p>Berufsrecht:<\/p><p>Gewerbeordnung: www.ris.bka.gv.at<\/p><p>\u00a0<\/p><p>Aufsichtsbeh\u00f6rde\/Gewerbebeh\u00f6rde: Magistrat Graz<\/p><p>\u00a0<\/p><p>Unser Anliegen: Unterst\u00fctzung von Fach- und Schl\u00fcsselarbeitskr\u00e4ften aus aller Welt<\/p><p>\u00a0<\/p><p>Vertretung des Vereins:<\/p><p>&#8211; Kathryn List, Pr\u00e4sidentin<\/p><p>&#8211; Prof. Dr. Doris Kiendl, Finanzreferentin<\/p><p>&#8211; Mag. Veronika Wolf MBA, Gesch\u00e4ftsf\u00fchrerin<\/p><p>\u00a0<\/p><p>Vereinszweck: Servicestelle f\u00fcr internationale Fach- und Schl\u00fcsselarbeitskr\u00e4fte<\/p><p>\u00a0<\/p><p>Verbraucher haben die M\u00f6glichkeit, Beschwerden an die Online-Streitbelegungsplattform der EU zu richten: http:\/\/ec.europa.eu\/odr. Sie k\u00f6nnen allf\u00e4llige Beschwerde auch an die oben angegebene E-Mail-Adresse richten.<\/p><p>\u00a0<\/p><p>\u00a0<\/p><p>Bankdaten:<\/p><p>Bankinstitut: RLB Steiermark<\/p><p>IBAN: AT703800000004511333<\/p><p>BIC: RZSTAT2GXXX<\/p><p>\u00a0<\/p><p>\u00a0<\/p><p>Haftungsausschluss<\/p><p>\u00a0<\/p><p>Inhalt des Onlineangebots<\/p><p>Der Betreiber \u00fcbernimmt keinerlei Verantwortung gegen\u00fcber Richtigkeit und Vollst\u00e4ndigkeit des Onlineangebots. Haftungsanspr\u00fcche gegen\u00fcber dem Autor oder Betreiber sind grunds\u00e4tzlich ausgeschlossen. Alle Angebote sind unverbindlich und freibleibend. Der Autor oder Betreiber \u00fcbernimmt keine Haftung jeglicher Art f\u00fcr die Inhalte von verweisenden Webseiten ausserhalb dieses Online Angebotes.<\/p><p>\u00a0<\/p><p>Urheberrecht<\/p><p>Alle Inhalte, Bilder und Texte sind urheberrechtlich gesch\u00fctzt und d\u00fcrfen nicht ohne ausdr\u00fcckliche Erlaubnis des Betreibers und Autors in jeglicher Art und Weise verwendet werden.<\/p><p>\u00a0<\/p><p>\u00a0<\/p><p>Konzept &amp; Design:<\/p><p>Werbeagentur Jack Coleman | JCAE Agentur GmbH<\/p><p>Lendplatz 9, 8020 Graz<\/p><p><a href=\"https:\/\/www.jack-coleman.com\/\" target=\"_blank\" rel=\"noopener\">https:\/\/www.jack-coleman.com\/<\/a><\/p><p>Looking for creative stuff? Contact us at <a href=\"mailto:office@jack-coleman.com\">office@jack-coleman.com<\/a><\/p><p>\u00a0<\/p><p>Fotocredits:<\/p><p>Jack Coleman JCAE Agentur GmbH<\/p><p>iStock\/Wavebreakmedia, MixMedia, SDI Productions, Yaroslav Olieinikov<\/p><p>envatoelements\/wirestock, IciakPhotos<\/p><p>Pexels\/Armin Rimoldi<\/p><p>Maximilian Martin Wolf<\/p><p>oliver wolf foto gmbh<\/p><p>Eleonora Ianni, Riccardo Negri, Andrea und Michal Veris<\/p><p>\u00a0<\/p><p>Technische Umsetzung:<\/p><p>Gutleben Systems e.U.<\/p><p>\u00a0<\/p>\t\t\t\t\t\t\t\t<\/div>\n\t\t\t\t<\/div>\n\t\t\t\t<\/div>\n\t\t\t\t<\/div>\n\t\t","protected":false},"excerpt":{"rendered":"<p>Impressum \u00a0 ALLGEMEINE INFORMATIONSPFLICHTEN GEM \u00a7 5 E-COMMERCE-GESETZ (ECG) VEREIN CLUB INTERNATIONAL \u2013 Servicestelle f\u00fcr internationale Fach- und Schl\u00fcsselarbeitskr\u00e4fte \u00a0 K\u00f6rblergasse 117 A-8010 Graz Tel.: +43 (0) 316 601 759 E-Mail: info@cint.at \u00a0 UID: ATU 67136011 ZVR-Nummer: 643701518 \u00a0 Berufsrecht: Gewerbeordnung: www.ris.bka.gv.at \u00a0 Aufsichtsbeh\u00f6rde\/Gewerbebeh\u00f6rde: Magistrat Graz \u00a0 Unser Anliegen: Unterst\u00fctzung von Fach- und Schl\u00fcsselarbeitskr\u00e4ften aus [&hellip;]<\/p>\n","protected":false},"author":1,"featured_media":0,"parent":0,"menu_order":0,"comment_status":"closed","ping_status":"closed","template":"","meta":{"_jet_sm_ready_style":"","_jet_sm_style":"","_jet_sm_controls_values":"","_jet_sm_fonts_collection":"","_jet_sm_fonts_links":"","footnotes":""},"class_list":["post-3790","page","type-page","status-publish","hentry"],"_links":{"self":[{"href":"https:\/\/www.cint.at\/de\/wp-json\/wp\/v2\/pages\/3790","targetHints":{"allow":["GET"]}}],"collection":[{"href":"https:\/\/www.cint.at\/de\/wp-json\/wp\/v2\/pages"}],"about":[{"href":"https:\/\/www.cint.at\/de\/wp-json\/wp\/v2\/types\/page"}],"author":[{"embeddable":true,"href":"https:\/\/www.cint.at\/de\/wp-json\/wp\/v2\/users\/1"}],"replies":[{"embeddable":true,"href":"https:\/\/www.cint.at\/de\/wp-json\/wp\/v2\/comments?post=3790"}],"version-history":[{"count":7,"href":"https:\/\/www.cint.at\/de\/wp-json\/wp\/v2\/pages\/3790\/revisions"}],"predecessor-version":[{"id":4698,"href":"https:\/\/www.cint.at\/de\/wp-json\/wp\/v2\/pages\/3790\/revisions\/4698"}],"wp:attachment":[{"href":"https:\/\/www.cint.at\/de\/wp-json\/wp\/v2\/media?parent=3790"}],"curies":[{"name":"wp","href":"https:\/\/api.w.org\/{rel}","templated":true}]}}