{"id":3730,"date":"2024-03-27T11:44:40","date_gmt":"2024-03-27T10:44:40","guid":{"rendered":"https:\/\/wp26.gutleben.systems\/?page_id=3730"},"modified":"2024-03-27T11:47:03","modified_gmt":"2024-03-27T10:47:03","slug":"barrierefreiheit","status":"publish","type":"page","link":"https:\/\/www.cint.at\/de\/barrierefreiheit\/","title":{"rendered":"Barrierefreiheit"},"content":{"rendered":"\t\t<div data-elementor-type=\"wp-page\" data-elementor-id=\"3730\" class=\"elementor elementor-3730\" data-elementor-post-type=\"page\">\n\t\t\t\t<div class=\"elementor-element elementor-element-8021d6a e-con-full e-flex e-con e-parent\" data-id=\"8021d6a\" data-element_type=\"container\" data-e-type=\"container\">\n\t\t\t\t<div class=\"elementor-element elementor-element-16a70e6 elementor-widget elementor-widget-text-editor\" data-id=\"16a70e6\" data-element_type=\"widget\" data-e-type=\"widget\" data-widget_type=\"text-editor.default\">\n\t\t\t\t<div class=\"elementor-widget-container\">\n\t\t\t\t\t\t\t\t\t<h3 class=\"sppb-addon-title\">BARRIEREFREIHEITSERKL\u00c4RUNG<\/h3><div class=\"sppb-addon-content\"><div><p>Die Wirtschaftskammern \u00d6sterreichs sind bem\u00fcht, ihre Websites im Einklang mit dem\u00a0<a href=\"https:\/\/www.ris.bka.gv.at\/GeltendeFassung.wxe?Abfrage=Bundesnormen&amp;Gesetzesnummer=20010727\" target=\"_blank\" rel=\"noopener\">Web-Zug\u00e4nglichkeits-Gesetz (WZG) idgF<\/a>\u00a0zur Umsetzung der\u00a0<a href=\"https:\/\/eur-lex.europa.eu\/legal-content\/DE\/TXT\/?uri=CELEX:32016L2102\" target=\"_blank\" rel=\"noopener\">Richtlinie (EU) 2016\/2102 des Europ\u00e4ischen Parlaments und des Rates vom 26. Oktober 2016 \u00fcber den barrierefreien Zugang zu den Websites und mobilen Anwendungen \u00f6ffentlicher Stellen<\/a>\u00a0(ABl. L 327 vom 2.12.2016, S. 1) barrierefrei zug\u00e4nglich zu machen.<\/p><p>Diese Erkl\u00e4rung zur Barrierefreiheit gilt f\u00fcr die Website\u00a0<a href=\"https:\/\/www.cint.at\/\">https:\/\/www.cint.at<\/a>.<\/p><p><strong><br \/>Stand der Vereinbarkeit mit den Anforderungen<\/strong><\/p><p>Diese Website ist wegen der folgenden Unvereinbarkeiten und Ausnahmen teilweise mit\u00a0<strong>Konformit\u00e4tsstufe AA der &#8222;Richtlinien f\u00fcr barrierefreie Webinhalte Web \u2013\u00a0<\/strong><a href=\"https:\/\/www.w3.org\/TR\/WCAG21\/\" target=\"_blank\" rel=\"noopener\"><strong>WCAG 2.1<\/strong><\/a><strong>&#8222;<\/strong>\u00a0beziehungsweise mit dem geltenden\u00a0<a href=\"https:\/\/www.ag.bka.gv.at\/at.gv.bka.wiki-bka\/index.php\/Barrierefrei:EN_301_549#EN_301_549_V2.1.2_.282018-08.29_.E2.80.93_Accessibility_requirements_suitable_for_public_procurement_of_ICT_products_and_services_in_Europe\" target=\"_blank\" rel=\"noopener\">Europ\u00e4ischen Standard EN 301 549 V2.1.2 (2018-08)<\/a> vereinbar.<\/p><p><strong><br \/>Unvereinbarkeit mit den Barrierefreiheitbestimmungen<\/strong><\/p><ul><li><p>Videos werden \u00fcber externe Hostingprovider (z.B. Youtube) eingebunden. F\u00fcr einige aufgezeichnete Videos fehlen die Untertitel, sodass die gesprochenen Inhalte f\u00fcr geh\u00f6rlose BenutzerInnen nicht zur Verf\u00fcgung stehen. Somit ist das WCAG-Erfolgskriterium 1.2.2 (Untertitel aufgezeichnet) nicht erf\u00fcllt. Wir planen bei der Produktion von eigenen neuen Videos verst\u00e4rkt Untertitel bereitzustellen.<\/p><\/li><li><p>Auf einzelnen Seiten werden interaktive Grafiken eingebunden (HTML 5 Canvas). Diese k\u00f6nnen von Screenreader-BenutzerInnen nicht oder nur unzureichend erfasst werden. Damit sind die WCAG Erfolgskriterien 1.4.4 (Skalierbarkeit von Text), 1.4.5 (Text statt Bilder) und 4.1.2 (Name, Rolle, Wert) nicht erf\u00fcllt.<\/p><\/li><li><p>Viele PDF-Dokumente und Office-Dokumente sind nicht barrierefrei. Beispielsweise sind PDF-Dokumente nicht getaggt, sodass sie von Screenreader-BenutzerInnen nicht oder nur unzureichend erfasst und genutzt werden k\u00f6nnen. Damit ist das WCAG Erfolgskriterium 4.1.2 (Name, Rolle, Wert) nicht erf\u00fcllt.<\/p><\/li><\/ul><p><strong><br \/>Feedback und Kontaktm\u00f6glichkeiten<\/strong><\/p><p>Die Angebote und Services auf dieser Website werden laufend verbessert, ausgetauscht und ausgebaut. Dabei ist uns die Bedienbarkeit und Zug\u00e4nglichkeit ein gro\u00dfes Anliegen.<\/p><p>Wenn Ihnen Barrieren auffallen, die Sie an der Benutzung unserer Website behindern \u2013 Probleme, die in dieser Erkl\u00e4rung nicht beschrieben sind, M\u00e4ngel in Bezug auf die Einhaltung der Barrierefreiheitsanforderungen \u2013 so bitten wir Sie, uns diese per E\u2011Mail mitzuteilen.<br \/>Wir werden Ihre Anfrage pr\u00fcfen und Sie ehestm\u00f6glich kontaktieren.<\/p><ul><li><p>S\u00e4mtliche Mitteilungen und Anregungen senden Sie uns bitte an\u00a0<a href=\"mailto:info@cint.at\">info@cint.at<\/a>\u00a0mit dem Betreff &#8222;Meldung einer Barriere in der Website cint.at&#8220;.<\/p><\/li><li><p>Bitte beschreiben Sie das Problem und f\u00fchren Sie uns die URL(s) der betroffenen Webseite oder des Dokuments an.<\/p><\/li><\/ul><p><strong><br \/>Durchsetzungsverfahren<\/strong><\/p><p>Bei nicht zufriedenstellenden Antworten aus oben genannter Kontaktm\u00f6glichkeit k\u00f6nnen Sie sich mittels Beschwerde an die \u00d6sterreichische Forschungsf\u00f6rderungsgesellschaft mit beschr\u00e4nkter Haftung (FFG) wenden. Die FFG nimmt \u00fcber das Kontaktformular Beschwerden auf elektronischem Weg entgegen.<\/p><p><a href=\"https:\/\/www.ffg.at\/form\/kontaktformular-beschwerdestelle\" target=\"_blank\" rel=\"noopener\">Kontaktformular der Beschwerdestelle<\/a><\/p><p>Die Beschwerden werden von der FFG dahingehend gepr\u00fcft, ob sie sich auf Verst\u00f6\u00dfe gegen die Vorgaben des Web-Zug\u00e4nglichkeits-Gesetzes, insbesondere M\u00e4ngel bei der Einhaltung der Barrierefreiheitsanforderungen, durch den Bund oder einer ihm zuordenbaren Einrichtung beziehen.<\/p><p>Sofern die Beschwerde berechtigt ist, hat die FFG dem Bund oder den betroffenen Rechtstr\u00e4gern Handlungsempfehlungen auszusprechen und Ma\u00dfnahmen vorzuschlagen, die der Beseitigung der vorliegenden M\u00e4ngel dienen.<\/p><p><a href=\"https:\/\/www.ffg.at\/barrierefreiheit\/beschwerdestelle\" target=\"_blank\" rel=\"noopener\">Weitere Informationen zum Beschwerdeverfahren<\/a><\/p><\/div><\/div>\t\t\t\t\t\t\t\t<\/div>\n\t\t\t\t<\/div>\n\t\t\t\t<\/div>\n\t\t\t\t<\/div>\n\t\t","protected":false},"excerpt":{"rendered":"<p>BARRIEREFREIHEITSERKL\u00c4RUNG Die Wirtschaftskammern \u00d6sterreichs sind bem\u00fcht, ihre Websites im Einklang mit dem\u00a0Web-Zug\u00e4nglichkeits-Gesetz (WZG) idgF\u00a0zur Umsetzung der\u00a0Richtlinie (EU) 2016\/2102 des Europ\u00e4ischen Parlaments und des Rates vom 26. Oktober 2016 \u00fcber den barrierefreien Zugang zu den Websites und mobilen Anwendungen \u00f6ffentlicher Stellen\u00a0(ABl. L 327 vom 2.12.2016, S. 1) barrierefrei zug\u00e4nglich zu machen. Diese Erkl\u00e4rung zur Barrierefreiheit gilt [&hellip;]<\/p>\n","protected":false},"author":1,"featured_media":0,"parent":0,"menu_order":0,"comment_status":"closed","ping_status":"closed","template":"","meta":{"_jet_sm_ready_style":"","_jet_sm_style":"","_jet_sm_controls_values":"","_jet_sm_fonts_collection":"","_jet_sm_fonts_links":"","footnotes":""},"class_list":["post-3730","page","type-page","status-publish","hentry"],"_links":{"self":[{"href":"https:\/\/www.cint.at\/de\/wp-json\/wp\/v2\/pages\/3730","targetHints":{"allow":["GET"]}}],"collection":[{"href":"https:\/\/www.cint.at\/de\/wp-json\/wp\/v2\/pages"}],"about":[{"href":"https:\/\/www.cint.at\/de\/wp-json\/wp\/v2\/types\/page"}],"author":[{"embeddable":true,"href":"https:\/\/www.cint.at\/de\/wp-json\/wp\/v2\/users\/1"}],"replies":[{"embeddable":true,"href":"https:\/\/www.cint.at\/de\/wp-json\/wp\/v2\/comments?post=3730"}],"version-history":[{"count":4,"href":"https:\/\/www.cint.at\/de\/wp-json\/wp\/v2\/pages\/3730\/revisions"}],"predecessor-version":[{"id":3734,"href":"https:\/\/www.cint.at\/de\/wp-json\/wp\/v2\/pages\/3730\/revisions\/3734"}],"wp:attachment":[{"href":"https:\/\/www.cint.at\/de\/wp-json\/wp\/v2\/media?parent=3730"}],"curies":[{"name":"wp","href":"https:\/\/api.w.org\/{rel}","templated":true}]}}